{"id":155,"date":"2018-08-14T16:20:19","date_gmt":"2018-08-14T16:20:19","guid":{"rendered":"http:\/\/laixe.khowebseotop.vn\/?page_id=155"},"modified":"2021-12-18T12:32:49","modified_gmt":"2021-12-18T05:32:49","slug":"gioi-thieu","status":"publish","type":"page","link":"https:\/\/daotaolaixeotongocha.com\/?page_id=155","title":{"rendered":"Gi\u1edbi thi\u1ec7u"},"content":{"rendered":"\n<p>Ch\u00e0o m\u1eebng c\u00e1c b\u1ea1n \u0111\u00e3 \u0111\u1ebfn v\u1edbi trung t\u00e2m \u0111\u00e0o t\u1ea1o l\u00e1i xe H\u00e0 N\u1ed9i. H\u1eb3n b\u1ea1n \u0111\u00e3 t\u1eebng nghe v\u1ec1 th\u1ef1c tr\u1ea1ng vi\u1ec7c h\u1ecdc b\u1eb1ng l\u00e1i xe \u00f4 t\u00f4 \u1edf H\u00e0 N\u1ed9i v\u00e0 \u0111\u00e3 qu\u00e1 ch\u00e1n n\u1ea3n v\u1ec1 vi\u1ec7c t\u1ed1n ti\u1ec1n, t\u1ed1n th\u1eddi gian, b\u1ecb \u0111\u1ed9ng trong vi\u1ec7c h\u1ecdc b\u1eb1ng l\u00e1i xe \u2026 Ch\u00fang t\u00f4i m\u1edf ra nh\u1eefng kh\u00f3a h\u1ecdc b\u1eb1ng l\u00e1i xe v\u1edbi ch\u1ea5t l\u01b0\u1ee3ng ti\u00ean phong \u0111i \u0111\u1ea7u, t\u1ea1o n\u00ean s\u1ef1 kh\u00e1c bi\u1ec7t so v\u1edbi ph\u1ea7n c\u00f2n l\u1ea1i.<\/p>\n<ul class=\"elementor-icon-list-items\">\n<li class=\"elementor-icon-list-item\"><span class=\"elementor-icon-list-text\">H\u1ecdc ph\u00ed tr\u1ecdn g\u00f3i, kh\u00f4ng lo l\u1eafng v\u1ec1 vi\u1ec7c ch\u1eb7t ch\u00e9m, \u0111\u1ed9i chi ph\u00ed<\/span><\/li>\n<li class=\"elementor-icon-list-item\"><i class=\"fa fa-check\" aria-hidden=\"true\"><\/i><span class=\"elementor-icon-list-text\">D\u1ecbch v\u1ee5 chuy\u00ean nghi\u1ec7p, s\u00e1t c\u00e1nh c\u00f9ng b\u1ea1n \u0111\u1ebfn khi c\u00f3 \u0111\u01b0\u1ee3c b\u1eb1ng l\u00e1i<\/span><\/li>\n<li class=\"elementor-icon-list-item\"><i class=\"fa fa-check\" aria-hidden=\"true\"><\/i><span class=\"elementor-icon-list-text\">Nh\u1eadn th\u1ebb h\u1ecdc b\u1eb1ng l\u00e1i v\u00e0 h\u1ecdc b\u1ea5t c\u1ee9 l\u00fac n\u00e0o b\u1ea1n mu\u1ed1n<\/span><\/li>\n<li class=\"elementor-icon-list-item\"><i class=\"fa fa-check\" aria-hidden=\"true\"><\/i><span class=\"elementor-icon-list-text\">H\u1ecdc l\u00e1i xe g\u1ea7n nh\u00e0 v\u1edbi h\u1ec7 th\u1ed1ng 12 s\u00e2n t\u1eadp quanh H\u00e0 N\u1ed9i<\/span><\/li>\n<li class=\"elementor-icon-list-item\"><i class=\"fa fa-check\" aria-hidden=\"true\"><\/i><span class=\"elementor-icon-list-text\">Kh\u00f4ng bao gi\u1edd ch\u1eadm l\u1ecbch thi s\u00e1t h\u1ea1ch<\/span><\/li>\n<\/ul>\n<a href=\"tel:0345074186\" target=\"_self\" class=\"button primary\"  style=\"border-radius:10px;\">\n    <span>G\u1ecdi: 034 5074 186<\/span>\n  <\/a>\n\n\n\n","protected":false},"excerpt":{"rendered":"","protected":false},"author":1,"featured_media":0,"parent":0,"menu_order":0,"comment_status":"closed","ping_status":"closed","template":"page-right-sidebar.php","meta":{"footnotes":""},"class_list":["post-155","page","type-page","status-publish","hentry"],"_links":{"self":[{"href":"https:\/\/daotaolaixeotongocha.com\/index.php?rest_route=\/wp\/v2\/pages\/155"}],"collection":[{"href":"https:\/\/daotaolaixeotongocha.com\/index.php?rest_route=\/wp\/v2\/pages"}],"about":[{"href":"https:\/\/daotaolaixeotongocha.com\/index.php?rest_route=\/wp\/v2\/types\/page"}],"author":[{"embeddable":true,"href":"https:\/\/daotaolaixeotongocha.com\/index.php?rest_route=\/wp\/v2\/users\/1"}],"replies":[{"embeddable":true,"href":"https:\/\/daotaolaixeotongocha.com\/index.php?rest_route=%2Fwp%2Fv2%2Fcomments&post=155"}],"version-history":[{"count":8,"href":"https:\/\/daotaolaixeotongocha.com\/index.php?rest_route=\/wp\/v2\/pages\/155\/revisions"}],"predecessor-version":[{"id":298,"href":"https:\/\/daotaolaixeotongocha.com\/index.php?rest_route=\/wp\/v2\/pages\/155\/revisions\/298"}],"wp:attachment":[{"href":"https:\/\/daotaolaixeotongocha.com\/index.php?rest_route=%2Fwp%2Fv2%2Fmedia&parent=155"}],"curies":[{"name":"wp","href":"https:\/\/api.w.org\/{rel}","templated":true}]}}